{"id":34,"date":"2024-12-23T15:13:57","date_gmt":"2024-12-23T14:13:57","guid":{"rendered":"https:\/\/boomeure.com\/?page_id=34"},"modified":"2025-10-22T12:08:20","modified_gmt":"2025-10-22T10:08:20","slug":"a-propos","status":"publish","type":"page","link":"https:\/\/boomeure.com\/","title":{"rendered":"NOUS DECOUVRIR"},"content":{"rendered":"\n<figure class=\"wp-block-image size-large\"><img loading=\"lazy\" decoding=\"async\" width=\"1024\" height=\"1024\" src=\"https:\/\/boomeure.com\/wp-content\/uploads\/2024\/12\/IMG_1009-3-1024x1024.jpg\" alt=\"\" class=\"wp-image-13\" srcset=\"https:\/\/boomeure.com\/wp-content\/uploads\/2024\/12\/IMG_1009-3-1024x1024.jpg 1024w, https:\/\/boomeure.com\/wp-content\/uploads\/2024\/12\/IMG_1009-3-300x300.jpg 300w, https:\/\/boomeure.com\/wp-content\/uploads\/2024\/12\/IMG_1009-3-150x150.jpg 150w, https:\/\/boomeure.com\/wp-content\/uploads\/2024\/12\/IMG_1009-3-768x768.jpg 768w, https:\/\/boomeure.com\/wp-content\/uploads\/2024\/12\/IMG_1009-3-1536x1536.jpg 1536w, https:\/\/boomeure.com\/wp-content\/uploads\/2024\/12\/IMG_1009-3.jpg 2048w\" sizes=\"auto, (max-width: 1024px) 100vw, 1024px\" \/><\/figure>\n\n\n\n<h2 class=\"wp-block-heading\"><strong>Qui sommes-nous ?<\/strong><\/h2>\n\n\n\n<p>Bienvenue sur le site BOOM&rsquo;EURE 3.0, nous animons vos soir\u00e9es en Normandie et sur Paris depuis 2003 : <br>&#8211; Soir\u00e9es Priv\u00e9es (Anniversaires, f\u00eates familiales&#8230;) <br>&#8211; Soir\u00e9es Publiques (F\u00eate de la musique, Bal du 14 Juillet&#8230;) <br>&#8211; Soir\u00e9es d&rsquo;entreprise (S\u00e9minaire, Soir\u00e9es pour C.E&#8230;) <br>&#8211; Clubbing (New World, Trianon, France, Palace, Templiers, Redlight&#8230;)<br>&#8211; Bars de nuit (Levrette Caf\u00e9, V&amp;B, 13Bis&#8230;)<\/p>\n\n\n\n<p>Apr\u00e8s avoir \u00e9t\u00e9 une SARL autonome (2003 \u00e0 2008), un auto-entrepreneur (2008-2020) et une association : la BOOM&rsquo;TEAM (2021-2024), <br>l&rsquo;activit\u00e9 BOOM&rsquo;EURE et dor\u00e9navant int\u00e9gr\u00e9e \u00e0 la soci\u00e9t\u00e9 MGME Evreux. <br>Retrouvez-nous \u00e9galement sur Facebook &amp; Instagram.<\/p>\n\n\n\n<figure class=\"wp-block-image size-large\"><img loading=\"lazy\" decoding=\"async\" width=\"1024\" height=\"768\" src=\"https:\/\/boomeure.com\/wp-content\/uploads\/2024\/12\/IMG_2413-1024x768.jpeg\" alt=\"\" class=\"wp-image-58\" srcset=\"https:\/\/boomeure.com\/wp-content\/uploads\/2024\/12\/IMG_2413-1024x768.jpeg 1024w, https:\/\/boomeure.com\/wp-content\/uploads\/2024\/12\/IMG_2413-300x225.jpeg 300w, https:\/\/boomeure.com\/wp-content\/uploads\/2024\/12\/IMG_2413-768x576.jpeg 768w, https:\/\/boomeure.com\/wp-content\/uploads\/2024\/12\/IMG_2413-1536x1152.jpeg 1536w, https:\/\/boomeure.com\/wp-content\/uploads\/2024\/12\/IMG_2413-2048x1536.jpeg 2048w\" sizes=\"auto, (max-width: 1024px) 100vw, 1024px\" \/><\/figure>\n\n\n\n<h2 class=\"wp-block-heading\"><strong>Nos services<\/strong><\/h2>\n\n\n\n<h3 class=\"wp-block-heading\">1. <strong>Sonorisation d&rsquo;\u00e9v\u00e8nements<\/strong><\/h3>\n\n\n\n<p>Nous fournissons une sonorisation de haute qualit\u00e9 pour tout type d\u2019\u00e9v\u00e9nement :<\/p>\n\n\n\n<ul class=\"wp-block-list\">\n<li><strong>Soir\u00e9es priv\u00e9es<\/strong> : Anniversaires, soir\u00e9es \u00e0 th\u00e8me, f\u00eates familiales.<\/li>\n\n\n\n<li><strong>\u00c9v\u00e9nements d\u2019entreprise<\/strong> : S\u00e9minaires, conf\u00e9rences, lancements de produits, team building.<\/li>\n\n\n\n<li><strong>Festivals et concerts<\/strong> : Mise en place d\u2019un dispositif sonore adapt\u00e9 \u00e0 l\u2019espace et au nombre de participants.<\/li>\n<\/ul>\n\n\n\n<p>Nos syst\u00e8mes de sonorisation sont choisis pour offrir une qualit\u00e9 audio optimale, quel que soit l&rsquo;espace. Nous vous assurons une acoustique parfaite pour que vos invit\u00e9s profitent pleinement de chaque moment.<\/p>\n\n\n\n<figure class=\"wp-block-gallery has-nested-images columns-default is-cropped wp-block-gallery-1 is-layout-flex wp-block-gallery-is-layout-flex\">\n<figure class=\"wp-block-image size-large\"><img loading=\"lazy\" decoding=\"async\" width=\"1024\" height=\"768\" data-id=\"57\" src=\"https:\/\/boomeure.com\/wp-content\/uploads\/2024\/12\/IMG_2363-1024x768.jpeg\" alt=\"\" class=\"wp-image-57\" srcset=\"https:\/\/boomeure.com\/wp-content\/uploads\/2024\/12\/IMG_2363-1024x768.jpeg 1024w, https:\/\/boomeure.com\/wp-content\/uploads\/2024\/12\/IMG_2363-300x225.jpeg 300w, https:\/\/boomeure.com\/wp-content\/uploads\/2024\/12\/IMG_2363-768x576.jpeg 768w, https:\/\/boomeure.com\/wp-content\/uploads\/2024\/12\/IMG_2363-1536x1152.jpeg 1536w, https:\/\/boomeure.com\/wp-content\/uploads\/2024\/12\/IMG_2363-2048x1536.jpeg 2048w\" sizes=\"auto, (max-width: 1024px) 100vw, 1024px\" \/><\/figure>\n<\/figure>\n\n\n\n<h3 class=\"wp-block-heading\">2. <strong>\u00c9clairage \u00e9v\u00e9nementiel<\/strong><\/h3>\n\n\n\n<p>L\u2019\u00e9clairage joue un r\u00f4le cl\u00e9 dans la cr\u00e9ation de l\u2019ambiance de votre \u00e9v\u00e9nement. Nous proposons des solutions d\u2019\u00e9clairage adapt\u00e9es :<\/p>\n\n\n\n<ul class=\"wp-block-list\">\n<li><strong>Ambiance lumineuse<\/strong> : Cr\u00e9ation de jeux de lumi\u00e8re dynamiques ou d\u2019atmosph\u00e8res tamis\u00e9es selon vos besoins.<\/li>\n\n\n\n<li><strong>\u00c9clairage de sc\u00e8ne<\/strong> : Pour les \u00e9v\u00e9nements avec des animations sc\u00e9niques, des concerts, ou des discours.<\/li>\n\n\n\n<li><strong>\u00c9clairage ext\u00e9rieur<\/strong> : Pour les \u00e9v\u00e9nements en plein air, nous fournissons un \u00e9clairage s\u00e9curitaire et esth\u00e9tique pour vos espaces ext\u00e9rieurs.<\/li>\n<\/ul>\n\n\n\n<figure class=\"wp-block-image size-large\"><img loading=\"lazy\" decoding=\"async\" width=\"1024\" height=\"768\" src=\"https:\/\/boomeure.com\/wp-content\/uploads\/2024\/12\/IMG_2420-1024x768.jpeg\" alt=\"\" class=\"wp-image-59\" srcset=\"https:\/\/boomeure.com\/wp-content\/uploads\/2024\/12\/IMG_2420-1024x768.jpeg 1024w, https:\/\/boomeure.com\/wp-content\/uploads\/2024\/12\/IMG_2420-300x225.jpeg 300w, https:\/\/boomeure.com\/wp-content\/uploads\/2024\/12\/IMG_2420-768x576.jpeg 768w, https:\/\/boomeure.com\/wp-content\/uploads\/2024\/12\/IMG_2420-1536x1152.jpeg 1536w, https:\/\/boomeure.com\/wp-content\/uploads\/2024\/12\/IMG_2420-2048x1536.jpeg 2048w\" sizes=\"auto, (max-width: 1024px) 100vw, 1024px\" \/><\/figure>\n\n\n\n<h3 class=\"wp-block-heading\">3. <strong>Animation musicale et DJ<\/strong><\/h3>\n\n\n\n<p>Nous offrons des prestations pour tous types d&rsquo;\u00e9v\u00e9nements :<\/p>\n\n\n\n<ul class=\"wp-block-list\">\n<li><strong>DJ professionnel<\/strong><\/li>\n\n\n\n<li><strong>Blind Test et jeux musicaux<\/strong> <\/li>\n\n\n\n<li><strong>Musique en live<\/strong> (Sonorisation de concerts) <\/li>\n<\/ul>\n\n\n\n<figure class=\"wp-block-image size-large\"><img loading=\"lazy\" decoding=\"async\" width=\"576\" height=\"1024\" src=\"https:\/\/boomeure.com\/wp-content\/uploads\/2024\/12\/IMG_5261-576x1024.jpg\" alt=\"\" class=\"wp-image-63\" srcset=\"https:\/\/boomeure.com\/wp-content\/uploads\/2024\/12\/IMG_5261-576x1024.jpg 576w, https:\/\/boomeure.com\/wp-content\/uploads\/2024\/12\/IMG_5261-169x300.jpg 169w, https:\/\/boomeure.com\/wp-content\/uploads\/2024\/12\/IMG_5261-768x1365.jpg 768w, https:\/\/boomeure.com\/wp-content\/uploads\/2024\/12\/IMG_5261-864x1536.jpg 864w, https:\/\/boomeure.com\/wp-content\/uploads\/2024\/12\/IMG_5261-1152x2048.jpg 1152w, https:\/\/boomeure.com\/wp-content\/uploads\/2024\/12\/IMG_5261-scaled.jpg 1440w\" sizes=\"auto, (max-width: 576px) 100vw, 576px\" \/><\/figure>\n\n\n\n<h3 class=\"wp-block-heading\">4. <strong>Services compl\u00e9mentaires<\/strong><\/h3>\n\n\n\n<ul class=\"wp-block-list\">\n<li><strong>Location de mat\u00e9riel audio et vid\u00e9o<\/strong> : Microphones, enceintes, tables de mixage, \u00e9crans de projection et autres \u00e9quipements.<\/li>\n\n\n\n<li><strong>Animation et gestion de l\u2019\u00e9v\u00e9nement<\/strong> : En plus de la sonorisation, nous vous offrons une gestion compl\u00e8te de votre \u00e9v\u00e9nement, en vous aidant \u00e0 organiser le timing et \u00e0 coordonner les diff\u00e9rentes \u00e9tapes de la soir\u00e9e.<\/li>\n<\/ul>\n\n\n\n<figure class=\"wp-block-image size-large\"><img loading=\"lazy\" decoding=\"async\" width=\"1024\" height=\"768\" src=\"https:\/\/boomeure.com\/wp-content\/uploads\/2024\/12\/IMG_2421-1-1024x768.jpeg\" alt=\"\" class=\"wp-image-66\" srcset=\"https:\/\/boomeure.com\/wp-content\/uploads\/2024\/12\/IMG_2421-1-1024x768.jpeg 1024w, https:\/\/boomeure.com\/wp-content\/uploads\/2024\/12\/IMG_2421-1-300x225.jpeg 300w, https:\/\/boomeure.com\/wp-content\/uploads\/2024\/12\/IMG_2421-1-768x576.jpeg 768w, https:\/\/boomeure.com\/wp-content\/uploads\/2024\/12\/IMG_2421-1-1536x1152.jpeg 1536w, https:\/\/boomeure.com\/wp-content\/uploads\/2024\/12\/IMG_2421-1-2048x1536.jpeg 2048w\" sizes=\"auto, (max-width: 1024px) 100vw, 1024px\" \/><\/figure>\n\n\n\n<h2 class=\"wp-block-heading\">Exemples de prestations en vid\u00e9o :<\/h2>\n\n\n\n<p>Retrouvez l&rsquo;int\u00e9grale de nos vid\u00e9o sur notre page YouTube <\/p>\n\n\n\n<p><a href=\"https:\/\/www.youtube.com\/@boomeure6444\">https:\/\/www.youtube.com\/@boomeure6444<\/a> <\/p>\n\n\n\n<div style=\"text-align:center;\"><iframe loading=\"lazy\" width=\"100%\" height=\"315\" src=\"https:\/\/www.youtube.com\/embed\/UvtIUyxNfsI?si=MjWlkQenTTtrdbvp\" title=\"YouTube video player\" frameborder=\"0\" allow=\"accelerometer; autoplay; clipboard-write; encrypted-media; gyroscope; picture-in-picture; web-share\" referrerpolicy=\"strict-origin-when-cross-origin\" allowfullscreen><\/iframe><\/div>\n\n\n\n<div style=\"text-align:center;\"><iframe loading=\"lazy\" width=\"100%\" height=\"315\" src=\"https:\/\/www.youtube.com\/embed\/VnLlfUVRqiE?si=gGkITPawuw5pscCf\" title=\"YouTube video player\" frameborder=\"0\" allow=\"accelerometer; autoplay; clipboard-write; encrypted-media; gyroscope; picture-in-picture; web-share\" referrerpolicy=\"strict-origin-when-cross-origin\" allowfullscreen><\/iframe><\/div>\n","protected":false},"excerpt":{"rendered":"<p>Qui sommes-nous ? Bienvenue sur le site BOOM&rsquo;EURE 3.0, nous animons vos soir\u00e9es en Normandie et sur Paris depuis 2003 : &#8211; Soir\u00e9es Priv\u00e9es (Anniversaires, f\u00eates familiales&#8230;) &#8211; Soir\u00e9es Publiques (F\u00eate de la musique, Bal du 14 Juillet&#8230;) &#8211; Soir\u00e9es d&rsquo;entreprise (S\u00e9minaire, Soir\u00e9es pour C.E&#8230;) &#8211; Clubbing (New World, Trianon, France, Palace, Templiers, Redlight&#8230;)&#8211; Bars [&hellip;]<\/p>\n","protected":false},"author":2,"featured_media":0,"parent":0,"menu_order":2,"comment_status":"closed","ping_status":"closed","template":"","meta":{"footnotes":""},"class_list":["post-34","page","type-page","status-publish","hentry"],"_links":{"self":[{"href":"https:\/\/boomeure.com\/index.php\/wp-json\/wp\/v2\/pages\/34","targetHints":{"allow":["GET"]}}],"collection":[{"href":"https:\/\/boomeure.com\/index.php\/wp-json\/wp\/v2\/pages"}],"about":[{"href":"https:\/\/boomeure.com\/index.php\/wp-json\/wp\/v2\/types\/page"}],"author":[{"embeddable":true,"href":"https:\/\/boomeure.com\/index.php\/wp-json\/wp\/v2\/users\/2"}],"replies":[{"embeddable":true,"href":"https:\/\/boomeure.com\/index.php\/wp-json\/wp\/v2\/comments?post=34"}],"version-history":[{"count":20,"href":"https:\/\/boomeure.com\/index.php\/wp-json\/wp\/v2\/pages\/34\/revisions"}],"predecessor-version":[{"id":135,"href":"https:\/\/boomeure.com\/index.php\/wp-json\/wp\/v2\/pages\/34\/revisions\/135"}],"wp:attachment":[{"href":"https:\/\/boomeure.com\/index.php\/wp-json\/wp\/v2\/media?parent=34"}],"curies":[{"name":"wp","href":"https:\/\/api.w.org\/{rel}","templated":true}]}}