{"id":69,"date":"2024-12-26T18:04:08","date_gmt":"2024-12-26T17:04:08","guid":{"rendered":"https:\/\/boomeure.com\/?page_id=69"},"modified":"2025-10-22T12:07:55","modified_gmt":"2025-10-22T10:07:55","slug":"boomeure","status":"publish","type":"page","link":"https:\/\/boomeure.com\/index.php\/boomeure\/","title":{"rendered":"BOOM&rsquo;EURE"},"content":{"rendered":"\n<h2 class=\"wp-block-heading has-foreground-color has-background-background-color has-text-color has-background has-link-color wp-elements-07959bb31b8b4635065d7b5e942b47b1\"><strong>Pourquoi choisir Boom&rsquo;Eure ?<\/strong><\/h2>\n\n\n\n<h3 class=\"wp-block-heading has-foreground-color has-background-background-color has-text-color has-background has-link-color wp-elements-7fca2decc7137992161eb2dfc8ba1023\"><strong>Une expertise reconnue<\/strong><\/h3>\n\n\n\n<p class=\"has-foreground-color has-background-background-color has-text-color has-background has-link-color wp-elements-0380c7c050a9815b4137c2e13025674b\">Depuis plus de deux d\u00e9cennies, nous avons acquis une solide exp\u00e9rience dans l&rsquo;animation et la sonorisation d&rsquo;\u00e9v\u00e9nements en Normandie. <br>Notre \u00e9quipe est passionn\u00e9e par son m\u00e9tier et met tout en \u0153uvre pour faire de votre \u00e9v\u00e9nement un moment inoubliable.<\/p>\n\n\n\n<figure class=\"wp-block-image size-large\"><img loading=\"lazy\" decoding=\"async\" width=\"1024\" height=\"768\" src=\"https:\/\/boomeure.com\/wp-content\/uploads\/2024\/12\/4b028485-67a1-4583-ba7e-91bf6654a2e7-1024x768.jpg\" alt=\"\" class=\"wp-image-70\" srcset=\"https:\/\/boomeure.com\/wp-content\/uploads\/2024\/12\/4b028485-67a1-4583-ba7e-91bf6654a2e7-1024x768.jpg 1024w, https:\/\/boomeure.com\/wp-content\/uploads\/2024\/12\/4b028485-67a1-4583-ba7e-91bf6654a2e7-300x225.jpg 300w, https:\/\/boomeure.com\/wp-content\/uploads\/2024\/12\/4b028485-67a1-4583-ba7e-91bf6654a2e7-768x576.jpg 768w, https:\/\/boomeure.com\/wp-content\/uploads\/2024\/12\/4b028485-67a1-4583-ba7e-91bf6654a2e7-1536x1152.jpg 1536w, https:\/\/boomeure.com\/wp-content\/uploads\/2024\/12\/4b028485-67a1-4583-ba7e-91bf6654a2e7.jpg 2048w\" sizes=\"auto, (max-width: 1024px) 100vw, 1024px\" \/><\/figure>\n\n\n\n<h3 class=\"wp-block-heading\"><strong>Un mat\u00e9riel de qualit\u00e9<\/strong><\/h3>\n\n\n\n<p>Nous investissons constamment dans des \u00e9quipements de sonorisation, d&rsquo;\u00e9clairage et de vid\u00e9o dernier cri afin de vous offrir un service \u00e0 la hauteur de vos attentes. Nous veillons \u00e0 ce que chaque d\u00e9tail soit parfait, de l\u2019acoustique \u00e0 l\u2019\u00e9clairage en passant par les effets sp\u00e9ciaux.<\/p>\n\n\n\n<h3 class=\"wp-block-heading\"><strong>Une prestation sur mesure<\/strong><\/h3>\n\n\n\n<p>Chaque \u00e9v\u00e9nement est unique. C\u2019est pourquoi nous offrons des solutions personnalis\u00e9es pour r\u00e9pondre exactement \u00e0 vos besoins et \u00e0 votre budget. Que vous ayez une id\u00e9e pr\u00e9cise ou que vous cherchiez des conseils, nous serons \u00e0 votre \u00e9coute pour concevoir l\u2019animation qui correspondra \u00e0 vos attentes.<\/p>\n\n\n\n<h3 class=\"wp-block-heading\"><strong>Un accompagnement complet<\/strong><\/h3>\n\n\n\n<p>De la premi\u00e8re prise de contact jusqu\u2019\u00e0 la fin de votre \u00e9v\u00e9nement, nous nous engageons \u00e0 vous accompagner \u00e0 chaque \u00e9tape. Nous vous aidons \u00e0 choisir les bonnes options, nous coordonnons l\u2019ensemble des prestataires (s&rsquo;il y en a) et nous veillons \u00e0 ce que tout se d\u00e9roule parfaitement.<\/p>\n\n\n\n<figure class=\"wp-block-image size-large\"><img loading=\"lazy\" decoding=\"async\" width=\"1024\" height=\"768\" src=\"https:\/\/boomeure.com\/wp-content\/uploads\/2024\/12\/IMG_3459-1024x768.jpeg\" alt=\"\" class=\"wp-image-78\" srcset=\"https:\/\/boomeure.com\/wp-content\/uploads\/2024\/12\/IMG_3459-1024x768.jpeg 1024w, https:\/\/boomeure.com\/wp-content\/uploads\/2024\/12\/IMG_3459-300x225.jpeg 300w, https:\/\/boomeure.com\/wp-content\/uploads\/2024\/12\/IMG_3459-768x576.jpeg 768w, https:\/\/boomeure.com\/wp-content\/uploads\/2024\/12\/IMG_3459-1536x1152.jpeg 1536w, https:\/\/boomeure.com\/wp-content\/uploads\/2024\/12\/IMG_3459-2048x1536.jpeg 2048w\" sizes=\"auto, (max-width: 1024px) 100vw, 1024px\" \/><\/figure>\n\n\n\n<h2 class=\"wp-block-heading\"><strong>Nos tarifs et devis<\/strong><\/h2>\n\n\n\n<p>Nous proposons des tarifs comp\u00e9titifs et transparents dans la rubrique nos tarifs. Chaque devis est adapt\u00e9 en fonction de la nature de l&rsquo;\u00e9v\u00e9nement, de la dur\u00e9e, du mat\u00e9riel n\u00e9cessaire et de l\u2019animation souhait\u00e9e.<\/p>\n\n\n\n<p>Contactez-nous pour obtenir un devis personnalis\u00e9 et d\u00e9couvrez comment nous pouvons faire briller votre \u00e9v\u00e9nement !<\/p>\n\n\n\n<figure class=\"wp-block-image size-large\"><img loading=\"lazy\" decoding=\"async\" width=\"768\" height=\"1024\" src=\"https:\/\/boomeure.com\/wp-content\/uploads\/2024\/12\/IMG_1385-768x1024.jpeg\" alt=\"\" class=\"wp-image-77\" srcset=\"https:\/\/boomeure.com\/wp-content\/uploads\/2024\/12\/IMG_1385-768x1024.jpeg 768w, https:\/\/boomeure.com\/wp-content\/uploads\/2024\/12\/IMG_1385-225x300.jpeg 225w, https:\/\/boomeure.com\/wp-content\/uploads\/2024\/12\/IMG_1385-1152x1536.jpeg 1152w, https:\/\/boomeure.com\/wp-content\/uploads\/2024\/12\/IMG_1385-1536x2048.jpeg 1536w, https:\/\/boomeure.com\/wp-content\/uploads\/2024\/12\/IMG_1385-scaled.jpeg 1920w\" sizes=\"auto, (max-width: 768px) 100vw, 768px\" \/><\/figure>\n\n\n\n<h2 class=\"wp-block-heading\"><strong>T\u00e9moignages clients<\/strong><\/h2>\n\n\n\n<p><em>\u00ab\u00a0Un mariage inoubliable gr\u00e2ce \u00e0 l\u2019\u00e9quipe de Boom&rsquo;Eure \u00c9vreux. La musique \u00e9tait parfaite, l\u2019\u00e9clairage magnifique et l\u2019ambiance de folie. Nos invit\u00e9s ont ador\u00e9 !\u00a0\u00bb<\/em> \u2013 <em>Sophie et Marc, Mari\u00e9s<\/em><\/p>\n\n\n\n<p><em>\u00ab\u00a0Une soir\u00e9e d\u2019entreprise r\u00e9ussie du d\u00e9but \u00e0 la fin. Le DJ a su parfaitement animer la soir\u00e9e et l\u2019\u00e9quipe a assur\u00e9 un service irr\u00e9prochable. Je recommande vivement !\u00a0\u00bb<\/em> \u2013 <em>Pierre, Responsable \u00e9v\u00e9nementiel<\/em><\/p>\n\n\n\n<figure class=\"wp-block-image size-large\"><img loading=\"lazy\" decoding=\"async\" width=\"1024\" height=\"768\" src=\"https:\/\/boomeure.com\/wp-content\/uploads\/2024\/12\/IMG_2674-1024x768.jpeg\" alt=\"\" class=\"wp-image-61\" srcset=\"https:\/\/boomeure.com\/wp-content\/uploads\/2024\/12\/IMG_2674-1024x768.jpeg 1024w, https:\/\/boomeure.com\/wp-content\/uploads\/2024\/12\/IMG_2674-300x225.jpeg 300w, https:\/\/boomeure.com\/wp-content\/uploads\/2024\/12\/IMG_2674-768x576.jpeg 768w, https:\/\/boomeure.com\/wp-content\/uploads\/2024\/12\/IMG_2674-1536x1152.jpeg 1536w, https:\/\/boomeure.com\/wp-content\/uploads\/2024\/12\/IMG_2674-2048x1536.jpeg 2048w\" sizes=\"auto, (max-width: 1024px) 100vw, 1024px\" \/><\/figure>\n\n\n\n<h2 class=\"wp-block-heading\"><strong>Contactez-nous<\/strong><\/h2>\n\n\n\n<p>Pr\u00eat \u00e0 donner vie \u00e0 votre \u00e9v\u00e9nement avec Boom&rsquo;Eure ? Contactez-nous d\u00e8s maintenant pour discuter de vos besoins et de la meilleure solution sonore pour votre \u00e9v\u00e9nement !<\/p>\n\n\n\n<p><strong>Adresse<\/strong> : 55 Rue Isambard &#8211; 27000 EVREUX <br><strong>T\u00e9l\u00e9phone<\/strong> : 02 32 39 71 46<br><strong>Email<\/strong> : mgme2@orange.fr<br><strong>Site web<\/strong> : https:\/\/www.boomeure.com<\/p>\n\n\n\n<ul class=\"wp-block-social-links is-layout-flex wp-block-social-links-is-layout-flex\"><li class=\"wp-social-link wp-social-link-facebook  wp-block-social-link\"><a href=\"https:\/\/www.facebook.com\/BoomeurePrestationDj\" class=\"wp-block-social-link-anchor\"><svg width=\"24\" height=\"24\" viewBox=\"0 0 24 24\" version=\"1.1\" xmlns=\"http:\/\/www.w3.org\/2000\/svg\" aria-hidden=\"true\" focusable=\"false\"><path d=\"M12 2C6.5 2 2 6.5 2 12c0 5 3.7 9.1 8.4 9.9v-7H7.9V12h2.5V9.8c0-2.5 1.5-3.9 3.8-3.9 1.1 0 2.2.2 2.2.2v2.5h-1.3c-1.2 0-1.6.8-1.6 1.6V12h2.8l-.4 2.9h-2.3v7C18.3 21.1 22 17 22 12c0-5.5-4.5-10-10-10z\"><\/path><\/svg><span class=\"wp-block-social-link-label screen-reader-text\">Facebook<\/span><\/a><\/li>\n\n<li class=\"wp-social-link wp-social-link-instagram  wp-block-social-link\"><a href=\"https:\/\/www.instagram.com\/boomeure_prestationdj\/\" class=\"wp-block-social-link-anchor\"><svg width=\"24\" height=\"24\" viewBox=\"0 0 24 24\" version=\"1.1\" xmlns=\"http:\/\/www.w3.org\/2000\/svg\" aria-hidden=\"true\" focusable=\"false\"><path d=\"M12,4.622c2.403,0,2.688,0.009,3.637,0.052c0.877,0.04,1.354,0.187,1.671,0.31c0.42,0.163,0.72,0.358,1.035,0.673 c0.315,0.315,0.51,0.615,0.673,1.035c0.123,0.317,0.27,0.794,0.31,1.671c0.043,0.949,0.052,1.234,0.052,3.637 s-0.009,2.688-0.052,3.637c-0.04,0.877-0.187,1.354-0.31,1.671c-0.163,0.42-0.358,0.72-0.673,1.035 c-0.315,0.315-0.615,0.51-1.035,0.673c-0.317,0.123-0.794,0.27-1.671,0.31c-0.949,0.043-1.233,0.052-3.637,0.052 s-2.688-0.009-3.637-0.052c-0.877-0.04-1.354-0.187-1.671-0.31c-0.42-0.163-0.72-0.358-1.035-0.673 c-0.315-0.315-0.51-0.615-0.673-1.035c-0.123-0.317-0.27-0.794-0.31-1.671C4.631,14.688,4.622,14.403,4.622,12 s0.009-2.688,0.052-3.637c0.04-0.877,0.187-1.354,0.31-1.671c0.163-0.42,0.358-0.72,0.673-1.035 c0.315-0.315,0.615-0.51,1.035-0.673c0.317-0.123,0.794-0.27,1.671-0.31C9.312,4.631,9.597,4.622,12,4.622 M12,3 C9.556,3,9.249,3.01,8.289,3.054C7.331,3.098,6.677,3.25,6.105,3.472C5.513,3.702,5.011,4.01,4.511,4.511 c-0.5,0.5-0.808,1.002-1.038,1.594C3.25,6.677,3.098,7.331,3.054,8.289C3.01,9.249,3,9.556,3,12c0,2.444,0.01,2.751,0.054,3.711 c0.044,0.958,0.196,1.612,0.418,2.185c0.23,0.592,0.538,1.094,1.038,1.594c0.5,0.5,1.002,0.808,1.594,1.038 c0.572,0.222,1.227,0.375,2.185,0.418C9.249,20.99,9.556,21,12,21s2.751-0.01,3.711-0.054c0.958-0.044,1.612-0.196,2.185-0.418 c0.592-0.23,1.094-0.538,1.594-1.038c0.5-0.5,0.808-1.002,1.038-1.594c0.222-0.572,0.375-1.227,0.418-2.185 C20.99,14.751,21,14.444,21,12s-0.01-2.751-0.054-3.711c-0.044-0.958-0.196-1.612-0.418-2.185c-0.23-0.592-0.538-1.094-1.038-1.594 c-0.5-0.5-1.002-0.808-1.594-1.038c-0.572-0.222-1.227-0.375-2.185-0.418C14.751,3.01,14.444,3,12,3L12,3z M12,7.378 c-2.552,0-4.622,2.069-4.622,4.622S9.448,16.622,12,16.622s4.622-2.069,4.622-4.622S14.552,7.378,12,7.378z M12,15 c-1.657,0-3-1.343-3-3s1.343-3,3-3s3,1.343,3,3S13.657,15,12,15z M16.804,6.116c-0.596,0-1.08,0.484-1.08,1.08 s0.484,1.08,1.08,1.08c0.596,0,1.08-0.484,1.08-1.08S17.401,6.116,16.804,6.116z\"><\/path><\/svg><span class=\"wp-block-social-link-label screen-reader-text\">Instagram<\/span><\/a><\/li>\n\n<li class=\"wp-social-link wp-social-link-youtube  wp-block-social-link\"><a href=\"https:\/\/www.youtube.com\/channel\/UCBLyia0otUfja3WRIUw0TxQ\" class=\"wp-block-social-link-anchor\"><svg width=\"24\" height=\"24\" viewBox=\"0 0 24 24\" version=\"1.1\" xmlns=\"http:\/\/www.w3.org\/2000\/svg\" aria-hidden=\"true\" focusable=\"false\"><path d=\"M21.8,8.001c0,0-0.195-1.378-0.795-1.985c-0.76-0.797-1.613-0.801-2.004-0.847c-2.799-0.202-6.997-0.202-6.997-0.202 h-0.009c0,0-4.198,0-6.997,0.202C4.608,5.216,3.756,5.22,2.995,6.016C2.395,6.623,2.2,8.001,2.2,8.001S2,9.62,2,11.238v1.517 c0,1.618,0.2,3.237,0.2,3.237s0.195,1.378,0.795,1.985c0.761,0.797,1.76,0.771,2.205,0.855c1.6,0.153,6.8,0.201,6.8,0.201 s4.203-0.006,7.001-0.209c0.391-0.047,1.243-0.051,2.004-0.847c0.6-0.607,0.795-1.985,0.795-1.985s0.2-1.618,0.2-3.237v-1.517 C22,9.62,21.8,8.001,21.8,8.001z M9.935,14.594l-0.001-5.62l5.404,2.82L9.935,14.594z\"><\/path><\/svg><span class=\"wp-block-social-link-label screen-reader-text\">YouTube<\/span><\/a><\/li><\/ul>\n\n\n\n\n\n<p><\/p>\n","protected":false},"excerpt":{"rendered":"<p>Pourquoi choisir Boom&rsquo;Eure ? Une expertise reconnue Depuis plus de deux d\u00e9cennies, nous avons acquis une solide exp\u00e9rience dans l&rsquo;animation et la sonorisation d&rsquo;\u00e9v\u00e9nements en Normandie. Notre \u00e9quipe est passionn\u00e9e par son m\u00e9tier et met tout en \u0153uvre pour faire de votre \u00e9v\u00e9nement un moment inoubliable. Un mat\u00e9riel de qualit\u00e9 Nous investissons constamment dans des [&hellip;]<\/p>\n","protected":false},"author":2,"featured_media":0,"parent":0,"menu_order":1,"comment_status":"closed","ping_status":"closed","template":"","meta":{"footnotes":""},"class_list":["post-69","page","type-page","status-publish","hentry"],"_links":{"self":[{"href":"https:\/\/boomeure.com\/index.php\/wp-json\/wp\/v2\/pages\/69","targetHints":{"allow":["GET"]}}],"collection":[{"href":"https:\/\/boomeure.com\/index.php\/wp-json\/wp\/v2\/pages"}],"about":[{"href":"https:\/\/boomeure.com\/index.php\/wp-json\/wp\/v2\/types\/page"}],"author":[{"embeddable":true,"href":"https:\/\/boomeure.com\/index.php\/wp-json\/wp\/v2\/users\/2"}],"replies":[{"embeddable":true,"href":"https:\/\/boomeure.com\/index.php\/wp-json\/wp\/v2\/comments?post=69"}],"version-history":[{"count":10,"href":"https:\/\/boomeure.com\/index.php\/wp-json\/wp\/v2\/pages\/69\/revisions"}],"predecessor-version":[{"id":122,"href":"https:\/\/boomeure.com\/index.php\/wp-json\/wp\/v2\/pages\/69\/revisions\/122"}],"wp:attachment":[{"href":"https:\/\/boomeure.com\/index.php\/wp-json\/wp\/v2\/media?parent=69"}],"curies":[{"name":"wp","href":"https:\/\/api.w.org\/{rel}","templated":true}]}}